{"id":10,"date":"2022-04-15T13:38:35","date_gmt":"2022-04-15T17:38:35","guid":{"rendered":"https:\/\/businessagility.education\/blog\/?page_id=10"},"modified":"2022-04-15T13:43:12","modified_gmt":"2022-04-15T17:43:12","slug":"privacy-policy","status":"publish","type":"page","link":"https:\/\/businessagility.education\/blog\/cs\/privacy-policy\/","title":{"rendered":"Z\u00e1sady ochrany osobn\u00edch \u00fadaj\u016f"},"content":{"rendered":"<h2 class=\"wp-block-heading\">Kdo jsme<\/h2>\n\n\n\n<p><strong class=\"privacy-policy-tutorial\">Thomas Hormaza Dow<\/strong><\/p>\n\n\n\n<p>https:\/\/businessagility.education\/blog.<\/p>\n\n\n\n<h4 class=\"wp-block-heading\">Technologie na na\u0161ich str\u00e1nk\u00e1ch<\/h4>\n\n\n\n<ul class=\"wp-block-list\"><li>HTML, CSS, JavaScript, PHP, SQL<\/li><li>Google Analytics<\/li><li>WordPress<\/li><\/ul>\n\n\n\n<p>V\u0161e, co na na\u0161ich str\u00e1nk\u00e1ch vid\u00edte a co nazna\u010duje, \u017ee pou\u017e\u00edv\u00e1me soubory cookie, je zp\u016fsobeno pouze t\u00edm, jak funguje WordPress nebo Google Analytics. Na\u0161\u00edm c\u00edlem je chr\u00e1nit ve\u0161ker\u00e9 informace, kter\u00e9 s n\u00e1mi sd\u00edl\u00edte. V\u00edme, \u017ee slib, kter\u00fd jsme v\u00e1m dali, m\u016f\u017eeme dodr\u017eet, proto\u017ee nikdy neshroma\u017e\u010fujeme \u017e\u00e1dn\u00e9 osobn\u00ed \u00fadaje. Komunita je otev\u0159ena pouze pro pedagogy, \u0161kolitele, v\u00fdzkumn\u00edky a klienty, kter\u00e9 zn\u00e1me, nebudete se tedy moci p\u0159ihl\u00e1sit, pokud v\u00e1s osobn\u011b nezn\u00e1me a nenav\u00e1zali jsme s v\u00e1mi kontakt a tak\u00e9 nez\u00edskali v\u00e1\u0161 souhlas s psan\u00edm nebo p\u0159isp\u00edv\u00e1n\u00edm na na\u0161e str\u00e1nky. Na z\u00e1v\u011br upozor\u0148ujeme, \u017ee se jedn\u00e1 pouze o informa\u010dn\u00ed web, komunikace s na\u0161\u00ed komunitou prob\u00edh\u00e1 na na\u0161ich str\u00e1nk\u00e1ch.&nbsp;<a rel=\"noreferrer noopener\" href=\"https:\/\/www.linkedin.com\/company\/business-agility-education\/\" target=\"_blank\">Str\u00e1nka LinkedIn<\/a><\/p>\n\n\n\n<p>Pokud m\u00e1te jak\u00e9koli obavy nebo dotazy, napi\u0161te n\u00e1m. Napi\u0161te n\u00e1m zde:&nbsp;<a href=\"https:\/\/businessagility.education\/blog\/contact\" target=\"_blank\" rel=\"noreferrer noopener\">Kontaktujte n\u00e1s<\/a><\/p>","protected":false},"excerpt":{"rendered":"<p>Who we are Thomas Hormaza Dow https:\/\/businessagility.education\/blog. Technology on our site HTML, CSS, JavaScript, PHP, SQL Google Analytics WordPress Anything you see on our site that suggests we are using cookies is only due to how WordPress or how Google Analytics operates. Our goal is to protect any information shared with us. We know we [&hellip;]<\/p>","protected":false},"author":1,"featured_media":0,"parent":0,"menu_order":0,"comment_status":"closed","ping_status":"closed","template":"","meta":{"footnotes":""},"class_list":["post-10","page","type-page","status-publish","hentry"],"yoast_head":"<!-- This site is optimized with the Yoast SEO plugin v24.9 - https:\/\/yoast.com\/wordpress\/plugins\/seo\/ -->\n<title>Privacy Policy - Business Agility+AI<\/title>\n<meta name=\"robots\" content=\"index, follow, max-snippet:-1, max-image-preview:large, max-video-preview:-1\" \/>\n<link rel=\"canonical\" href=\"https:\/\/businessagility.education\/blog\/cs\/privacy-policy\/\" \/>\n<meta property=\"og:locale\" content=\"cs_CZ\" \/>\n<meta property=\"og:type\" content=\"article\" \/>\n<meta property=\"og:title\" content=\"Privacy Policy - Business Agility+AI\" \/>\n<meta property=\"og:description\" content=\"Who we are Thomas Hormaza Dow https:\/\/businessagility.education\/blog. Technology on our site HTML, CSS, JavaScript, PHP, SQL Google Analytics WordPress Anything you see on our site that suggests we are using cookies is only due to how WordPress or how Google Analytics operates. Our goal is to protect any information shared with us. We know we [&hellip;]\" \/>\n<meta property=\"og:url\" content=\"https:\/\/businessagility.education\/blog\/cs\/privacy-policy\/\" \/>\n<meta property=\"og:site_name\" content=\"Business Agility+AI\" \/>\n<meta property=\"article:modified_time\" content=\"2022-04-15T17:43:12+00:00\" \/>\n<meta name=\"twitter:card\" content=\"summary_large_image\" \/>\n<meta name=\"twitter:label1\" content=\"Odhadovan\u00e1 doba \u010dten\u00ed\" \/>\n\t<meta name=\"twitter:data1\" content=\"1 minuta\" \/>\n<script type=\"application\/ld+json\" class=\"yoast-schema-graph\">{\"@context\":\"https:\/\/schema.org\",\"@graph\":[{\"@type\":\"WebPage\",\"@id\":\"https:\/\/businessagility.education\/blog\/privacy-policy\/\",\"url\":\"https:\/\/businessagility.education\/blog\/privacy-policy\/\",\"name\":\"Privacy Policy - Business Agility+AI\",\"isPartOf\":{\"@id\":\"https:\/\/businessagility.education\/blog\/#website\"},\"datePublished\":\"2022-04-15T17:38:35+00:00\",\"dateModified\":\"2022-04-15T17:43:12+00:00\",\"breadcrumb\":{\"@id\":\"https:\/\/businessagility.education\/blog\/privacy-policy\/#breadcrumb\"},\"inLanguage\":\"cs\",\"potentialAction\":[{\"@type\":\"ReadAction\",\"target\":[\"https:\/\/businessagility.education\/blog\/privacy-policy\/\"]}]},{\"@type\":\"BreadcrumbList\",\"@id\":\"https:\/\/businessagility.education\/blog\/privacy-policy\/#breadcrumb\",\"itemListElement\":[{\"@type\":\"ListItem\",\"position\":1,\"name\":\"Home\",\"item\":\"https:\/\/businessagility.education\/blog\/\"},{\"@type\":\"ListItem\",\"position\":2,\"name\":\"Privacy Policy\"}]},{\"@type\":\"WebSite\",\"@id\":\"https:\/\/businessagility.education\/blog\/#website\",\"url\":\"https:\/\/businessagility.education\/blog\/\",\"name\":\"Business Agility+AI\",\"description\":\"The Business Agility + Artificial Intelligence Blog\",\"publisher\":{\"@id\":\"https:\/\/businessagility.education\/blog\/#organization\"},\"potentialAction\":[{\"@type\":\"SearchAction\",\"target\":{\"@type\":\"EntryPoint\",\"urlTemplate\":\"https:\/\/businessagility.education\/blog\/?s={search_term_string}\"},\"query-input\":{\"@type\":\"PropertyValueSpecification\",\"valueRequired\":true,\"valueName\":\"search_term_string\"}}],\"inLanguage\":\"cs\"},{\"@type\":\"Organization\",\"@id\":\"https:\/\/businessagility.education\/blog\/#organization\",\"name\":\"Business Agility+AI\",\"url\":\"https:\/\/businessagility.education\/blog\/\",\"logo\":{\"@type\":\"ImageObject\",\"inLanguage\":\"cs\",\"@id\":\"https:\/\/businessagility.education\/blog\/#\/schema\/logo\/image\/\",\"url\":\"https:\/\/businessagility.education\/blog\/wp-content\/uploads\/2022\/06\/business-agility-blog-logo.png\",\"contentUrl\":\"https:\/\/businessagility.education\/blog\/wp-content\/uploads\/2022\/06\/business-agility-blog-logo.png\",\"width\":200,\"height\":100,\"caption\":\"Business Agility+AI\"},\"image\":{\"@id\":\"https:\/\/businessagility.education\/blog\/#\/schema\/logo\/image\/\"}}]}<\/script>\n<!-- \/ Yoast SEO plugin. -->","yoast_head_json":{"title":"Privacy Policy - Business Agility+AI","robots":{"index":"index","follow":"follow","max-snippet":"max-snippet:-1","max-image-preview":"max-image-preview:large","max-video-preview":"max-video-preview:-1"},"canonical":"https:\/\/businessagility.education\/blog\/cs\/privacy-policy\/","og_locale":"cs_CZ","og_type":"article","og_title":"Privacy Policy - Business Agility+AI","og_description":"Who we are Thomas Hormaza Dow https:\/\/businessagility.education\/blog. Technology on our site HTML, CSS, JavaScript, PHP, SQL Google Analytics WordPress Anything you see on our site that suggests we are using cookies is only due to how WordPress or how Google Analytics operates. Our goal is to protect any information shared with us. We know we [&hellip;]","og_url":"https:\/\/businessagility.education\/blog\/cs\/privacy-policy\/","og_site_name":"Business Agility+AI","article_modified_time":"2022-04-15T17:43:12+00:00","twitter_card":"summary_large_image","twitter_misc":{"Odhadovan\u00e1 doba \u010dten\u00ed":"1 minuta"},"schema":{"@context":"https:\/\/schema.org","@graph":[{"@type":"WebPage","@id":"https:\/\/businessagility.education\/blog\/privacy-policy\/","url":"https:\/\/businessagility.education\/blog\/privacy-policy\/","name":"Privacy Policy - Business Agility+AI","isPartOf":{"@id":"https:\/\/businessagility.education\/blog\/#website"},"datePublished":"2022-04-15T17:38:35+00:00","dateModified":"2022-04-15T17:43:12+00:00","breadcrumb":{"@id":"https:\/\/businessagility.education\/blog\/privacy-policy\/#breadcrumb"},"inLanguage":"cs","potentialAction":[{"@type":"ReadAction","target":["https:\/\/businessagility.education\/blog\/privacy-policy\/"]}]},{"@type":"BreadcrumbList","@id":"https:\/\/businessagility.education\/blog\/privacy-policy\/#breadcrumb","itemListElement":[{"@type":"ListItem","position":1,"name":"Home","item":"https:\/\/businessagility.education\/blog\/"},{"@type":"ListItem","position":2,"name":"Privacy Policy"}]},{"@type":"WebSite","@id":"https:\/\/businessagility.education\/blog\/#website","url":"https:\/\/businessagility.education\/blog\/","name":"Business Agility+AI","description":"The Business Agility + Artificial Intelligence Blog","publisher":{"@id":"https:\/\/businessagility.education\/blog\/#organization"},"potentialAction":[{"@type":"SearchAction","target":{"@type":"EntryPoint","urlTemplate":"https:\/\/businessagility.education\/blog\/?s={search_term_string}"},"query-input":{"@type":"PropertyValueSpecification","valueRequired":true,"valueName":"search_term_string"}}],"inLanguage":"cs"},{"@type":"Organization","@id":"https:\/\/businessagility.education\/blog\/#organization","name":"Business Agility+AI","url":"https:\/\/businessagility.education\/blog\/","logo":{"@type":"ImageObject","inLanguage":"cs","@id":"https:\/\/businessagility.education\/blog\/#\/schema\/logo\/image\/","url":"https:\/\/businessagility.education\/blog\/wp-content\/uploads\/2022\/06\/business-agility-blog-logo.png","contentUrl":"https:\/\/businessagility.education\/blog\/wp-content\/uploads\/2022\/06\/business-agility-blog-logo.png","width":200,"height":100,"caption":"Business Agility+AI"},"image":{"@id":"https:\/\/businessagility.education\/blog\/#\/schema\/logo\/image\/"}}]}},"_links":{"self":[{"href":"https:\/\/businessagility.education\/blog\/cs\/wp-json\/wp\/v2\/pages\/10","targetHints":{"allow":["GET"]}}],"collection":[{"href":"https:\/\/businessagility.education\/blog\/cs\/wp-json\/wp\/v2\/pages"}],"about":[{"href":"https:\/\/businessagility.education\/blog\/cs\/wp-json\/wp\/v2\/types\/page"}],"author":[{"embeddable":true,"href":"https:\/\/businessagility.education\/blog\/cs\/wp-json\/wp\/v2\/users\/1"}],"replies":[{"embeddable":true,"href":"https:\/\/businessagility.education\/blog\/cs\/wp-json\/wp\/v2\/comments?post=10"}],"version-history":[{"count":2,"href":"https:\/\/businessagility.education\/blog\/cs\/wp-json\/wp\/v2\/pages\/10\/revisions"}],"predecessor-version":[{"id":13,"href":"https:\/\/businessagility.education\/blog\/cs\/wp-json\/wp\/v2\/pages\/10\/revisions\/13"}],"wp:attachment":[{"href":"https:\/\/businessagility.education\/blog\/cs\/wp-json\/wp\/v2\/media?parent=10"}],"curies":[{"name":"wp","href":"https:\/\/api.w.org\/{rel}","templated":true}]}}