{"id":73,"date":"2022-07-11T12:30:08","date_gmt":"2022-07-11T16:30:08","guid":{"rendered":"https:\/\/businessagility.education\/blog\/?page_id=73"},"modified":"2022-08-15T14:19:45","modified_gmt":"2022-08-15T18:19:45","slug":"business-agility","status":"publish","type":"page","link":"http:\/\/businessagility.education\/blog\/fr\/business-agility\/","title":{"rendered":"Agilit\u00e9 en affaires : Sur les \u00e9paules des g\u00e9ants et des g\u00e9antes"},"content":{"rendered":"<p>Bienvenue sur le site des universitaires sp\u00e9cialis\u00e9s dans l'\u00e9ducation et la recherche sur l'agilit\u00e9 des entreprises ! Ceci est mon blog personnel, mon nom est Thomas Hormaza Dow. Bien que le nom de ce site soit la maison de l'\u00e9ducation \u00e0 l'agilit\u00e9 en affaires, j'appelle ce blog d'analyse documentaire ouverte \"Sur les \u00e9paules des g\u00e9ants <strong>et g\u00e9antes<\/strong>\" comme ce titre m'est venu apr\u00e8s avoir lu l'\u0153uvre de Robert K. Merton et, bien s\u00fbr, la pr\u00e9face d'Umberto Eco. Il me sert de rappel et de devoir de reconna\u00eetre que \" Tout ce qui est important a d\u00e9j\u00e0 \u00e9t\u00e9 dit par quelqu'un qui ne l'a pas d\u00e9couvert. \" - Alfred North Whitehead.<\/p>\n\n\n\n<p class=\"has-text-align-left\"><strong>IntrAgilit\u00e9, InterAgilit\u00e9 et ExtrAgilit\u00e9 est une auto-r\u00e9flexion \u00e9ducative pour l'Agilit\u00e9 d'affaires au-del\u00e0 des Comp\u00e9tences Agiles en T.<\/strong><\/p>\n\n\n\n<h6 class=\"wp-block-heading\">Petite clarification entre Comp\u00e9tences-M et <strong><em>\u03c0<\/em><\/strong>?<\/h6>\n\n\n\n<p>Nous avons choisi d'inclure les Comp\u00e9tences-M au lieu de <strong><em>\u03c0<\/em><\/strong> car <a href=\"https:\/\/www.scientificamerican.com\/article\/let-s-use-tau-it-s-easier-than-pi\/\" target=\"_blank\" rel=\"noreferrer noopener\">t=2\u03c0<\/a> Sans oublier que <strong><em>\u03c0<\/em><\/strong> n'est pas N ni M en grec, <strong><em>\u03c0<\/em><\/strong> est un P ! Pensez-y, <strong>Comp\u00e9tence-P.... ou Pi<\/strong> \ud83d\ude03  <\/p>\n\n\n\n<hr class=\"wp-block-separator has-alpha-channel-opacity\"\/>\n\n\n\n<h4 class=\"wp-block-heading\"><strong>Le d\u00e9veloppement des comp\u00e9tences en agilit\u00e9 est un continuum - l'efficacit\u00e9 d\u00e9pend du contexte !<\/strong><\/h4>\n\n\n\n<div class=\"wp-block-media-text alignwide is-stacked-on-mobile is-style-default\"><figure class=\"wp-block-media-text__media\"><img loading=\"lazy\" decoding=\"async\" width=\"600\" height=\"340\" src=\"https:\/\/businessagility.education\/blog\/wp-content\/uploads\/2022\/08\/business-agility-i-shaped-skills.png\" alt=\"business agility personal agility i-shaped skills\" class=\"wp-image-100 size-full\" srcset=\"https:\/\/businessagility.education\/blog\/wp-content\/uploads\/2022\/08\/business-agility-i-shaped-skills.png 600w, https:\/\/businessagility.education\/blog\/wp-content\/uploads\/2022\/08\/business-agility-i-shaped-skills-300x170.png 300w, https:\/\/businessagility.education\/blog\/wp-content\/uploads\/2022\/08\/business-agility-i-shaped-skills-18x10.png 18w\" sizes=\"auto, (max-width: 600px) 100vw, 600px\" \/><\/figure><div class=\"wp-block-media-text__content\">\n<p class=\"has-medium-font-size\">L'agilit\u00e9 personnelle est une comp\u00e9tence en forme de I, notre \u00e9tat d'esprit, notre intelligence \u00e9motionnelle, nos comp\u00e9tences interpersonnelles, notre introspection.<\/p>\n<\/div><\/div>\n\n\n\n<hr class=\"wp-block-separator has-alpha-channel-opacity is-style-wide\"\/>\n\n\n\n<div class=\"wp-block-media-text alignwide has-media-on-the-right is-stacked-on-mobile\"><figure class=\"wp-block-media-text__media\"><img loading=\"lazy\" decoding=\"async\" width=\"600\" height=\"337\" src=\"https:\/\/businessagility.education\/blog\/wp-content\/uploads\/2022\/08\/business-agility-t-shaped-skills.png\" alt=\"business agility intragility t-shaped skills\" class=\"wp-image-101 size-full\" srcset=\"https:\/\/businessagility.education\/blog\/wp-content\/uploads\/2022\/08\/business-agility-t-shaped-skills.png 600w, https:\/\/businessagility.education\/blog\/wp-content\/uploads\/2022\/08\/business-agility-t-shaped-skills-300x169.png 300w, https:\/\/businessagility.education\/blog\/wp-content\/uploads\/2022\/08\/business-agility-t-shaped-skills-18x10.png 18w\" sizes=\"auto, (max-width: 600px) 100vw, 600px\" \/><\/figure><div class=\"wp-block-media-text__content\">\n<h5 class=\"wp-block-heading\" id=\"intragility\">IntrAgilit\u00e9 des entreprises<\/h5>\n\n\n\n<p class=\"has-medium-font-size\">L'intrAgilit\u00e9 est une comp\u00e9tence en forme de T, efficace dans les d\u00e9partements (marketing agile, RH agiles, finances agiles) mais limit\u00e9e si appliqu\u00e9e dans une seule sous-fonction.<\/p>\n<\/div><\/div>\n\n\n\n<hr class=\"wp-block-separator has-alpha-channel-opacity is-style-wide\"\/>\n\n\n\n<div class=\"wp-block-media-text alignwide is-stacked-on-mobile\"><figure class=\"wp-block-media-text__media\"><img loading=\"lazy\" decoding=\"async\" width=\"600\" height=\"336\" src=\"https:\/\/businessagility.education\/blog\/wp-content\/uploads\/2022\/08\/business-agility-m-shaped-skills.png\" alt=\"business agility interagility m-shaped skills\" class=\"wp-image-102 size-full\" srcset=\"https:\/\/businessagility.education\/blog\/wp-content\/uploads\/2022\/08\/business-agility-m-shaped-skills.png 600w, https:\/\/businessagility.education\/blog\/wp-content\/uploads\/2022\/08\/business-agility-m-shaped-skills-300x168.png 300w, https:\/\/businessagility.education\/blog\/wp-content\/uploads\/2022\/08\/business-agility-m-shaped-skills-18x10.png 18w\" sizes=\"auto, (max-width: 600px) 100vw, 600px\" \/><\/figure><div class=\"wp-block-media-text__content\">\n<h5 class=\"wp-block-heading\" id=\"interagility\">InterAgilit\u00e9 des entreprises<\/h5>\n\n\n\n<p class=\"has-medium-font-size\">L'InterAgilit\u00e9 est une comp\u00e9tence en forme de M, d\u00e9crivant visuellement une forme d\u00e9finie par des comp\u00e9tences g\u00e9n\u00e9rales + sp\u00e9cialis\u00e9es mais s'\u00e9tendant \u00e0 plus d'une sous-fonction de l'entreprise.<\/p>\n<\/div><\/div>\n\n\n\n<hr class=\"wp-block-separator has-alpha-channel-opacity is-style-wide\"\/>\n\n\n\n<div class=\"wp-block-media-text alignwide has-media-on-the-right is-stacked-on-mobile\"><figure class=\"wp-block-media-text__media\"><img loading=\"lazy\" decoding=\"async\" width=\"600\" height=\"337\" src=\"https:\/\/businessagility.education\/blog\/wp-content\/uploads\/2022\/08\/business-agility-phi-shaped-skills.png\" alt=\"business agility extragility (phi) \u03a6-shaped skills\" class=\"wp-image-103 size-full\" srcset=\"https:\/\/businessagility.education\/blog\/wp-content\/uploads\/2022\/08\/business-agility-phi-shaped-skills.png 600w, https:\/\/businessagility.education\/blog\/wp-content\/uploads\/2022\/08\/business-agility-phi-shaped-skills-300x169.png 300w, https:\/\/businessagility.education\/blog\/wp-content\/uploads\/2022\/08\/business-agility-phi-shaped-skills-18x10.png 18w\" sizes=\"auto, (max-width: 600px) 100vw, 600px\" \/><\/figure><div class=\"wp-block-media-text__content\">\n<h5 class=\"wp-block-heading\" id=\"extragility\">ExtrAgilit\u00e9 des entreprises<\/h5>\n\n\n\n<p class=\"has-medium-font-size\">L'extrAgilit\u00e9 est une comp\u00e9tence en forme de (phi) \u03a6, elle exige une vision holistique et englobe les aspects de la responsabilit\u00e9 soci\u00e9tale des entreprises (RSE) et les objectifs de d\u00e9veloppement durable (ODD).<\/p>\n<\/div><\/div>\n\n\n\n<hr class=\"wp-block-separator has-alpha-channel-opacity is-style-wide\"\/>\n\n\n\n<h4 class=\"wp-block-heading\"><strong>IntrAgilit\u00e9, InterAgilit\u00e9 et ExtrAgilit\u00e9<\/strong> Sources d'information<\/h4>\n\n\n\n<p>Hormaza Dow, T. (2022, Avril). \u00c9tude structurelle comparative de site web et proposition de l\u2019intragilit\u00e9, interagilit\u00e9 et extragilit\u00e9 comme cadre contextuel afin de guider un cheminement adaptatif de l\u2019agilit\u00e9 en affaires [Projet MBA]. Universit\u00e9 Laval, Facult\u00e9 Administration des affaires (FSA) Qu\u00e9bec, Canada.<\/p>\n\n\n\n<h4 class=\"wp-block-heading\">Sources d'images<\/h4>\n\n\n\n<p>Images achet\u00e9es et adapt\u00e9es \u00e0 partir de la source : https:\/\/www.shutterstock.com\/g\/TarikVision<\/p>\n\n\n\n<h4 class=\"wp-block-heading\">T\u00e9l\u00e9chargez <strong>IntrAgilit\u00e9, InterAgilit\u00e9 et ExtrAgilit\u00e9<\/strong> PDF d'aide \u00e0 l'auto-r\u00e9flexion<\/h4>\n\n\n\n<div data-wp-interactive=\"core\/file\" class=\"wp-block-file\"><object data-wp-bind--hidden=\"!state.hasPdfPreview\" hidden class=\"wp-block-file__embed\" data=\"https:\/\/businessagility.education\/blog\/wp-content\/uploads\/2022\/08\/Business-Agility-Skills-MicroSession.pdf\" type=\"application\/pdf\" style=\"width:100%;height:600px\" aria-label=\"Contenu incorpor\u00e9 Embed of Business-Agility-Skills-MicroSession...\"><\/object><a id=\"wp-block-file--media-e3dd839e-e03b-4fcf-aec7-d71324134279\" href=\"https:\/\/businessagility.education\/blog\/wp-content\/uploads\/2022\/08\/Business-Agility-Skills-MicroSession.pdf\">Comp\u00e9tences en mati\u00e8re d'agilit\u00e9 commerciale - Micro-session<\/a><a href=\"https:\/\/businessagility.education\/blog\/wp-content\/uploads\/2022\/08\/Business-Agility-Skills-MicroSession.pdf\" class=\"wp-block-file__button\" download aria-describedby=\"wp-block-file--media-e3dd839e-e03b-4fcf-aec7-d71324134279\">T\u00e9l\u00e9chargez<\/a><\/div>","protected":false},"excerpt":{"rendered":"<p>Bienvenue sur le site des universitaires sp\u00e9cialis\u00e9s dans l'enseignement et la recherche sur l'agilit\u00e9 des entreprises ! Ceci est mon blog personnel, mon nom est Thomas Hormaza Dow. Bien que le nom de ce blog soit \"Home of Business Agility Education\", je l'appelle \"On the Shoulders of Giants and Giantesses\" (sur les \u00e9paules des g\u00e9ants et des g\u00e9antes) car ce titre m'est venu \u00e0 l'esprit [...]<\/p>","protected":false},"author":1,"featured_media":97,"parent":0,"menu_order":0,"comment_status":"closed","ping_status":"closed","template":"","meta":{"footnotes":""},"class_list":["post-73","page","type-page","status-publish","has-post-thumbnail","hentry"],"yoast_head":"<!-- This site is optimized with the Yoast SEO plugin v24.9 - https:\/\/yoast.com\/wordpress\/plugins\/seo\/ -->\n<title>Business Agility: On the Shoulders of Giants and Giantesses - Business Agility+AI<\/title>\n<meta name=\"robots\" content=\"index, follow, max-snippet:-1, max-image-preview:large, max-video-preview:-1\" \/>\n<link rel=\"canonical\" href=\"https:\/\/businessagility.education\/blog\/fr\/business-agility\/\" \/>\n<meta property=\"og:locale\" content=\"fr_CA\" \/>\n<meta property=\"og:type\" content=\"article\" \/>\n<meta property=\"og:title\" content=\"Business Agility: On the Shoulders of Giants and Giantesses - Business Agility+AI\" \/>\n<meta property=\"og:description\" content=\"Welcome to the Home of Academics in Business Agility Education and Research! This is my personal Blog, my name is Thomas Hormaza Dow. Although the name of this is the Home of Business Agility Education, I call this open literature review Blog \u201cOn the Shoulders of Giants and Giantesses\u201d as that title came to me [&hellip;]\" \/>\n<meta property=\"og:url\" content=\"https:\/\/businessagility.education\/blog\/fr\/business-agility\/\" \/>\n<meta property=\"og:site_name\" content=\"Business Agility+AI\" \/>\n<meta property=\"article:modified_time\" content=\"2022-08-15T18:19:45+00:00\" \/>\n<meta property=\"og:image\" content=\"https:\/\/businessagility.education\/blog\/wp-content\/uploads\/2022\/08\/business-agility-skill-development.jpg\" \/>\n\t<meta property=\"og:image:width\" content=\"1543\" \/>\n\t<meta property=\"og:image:height\" content=\"877\" \/>\n\t<meta property=\"og:image:type\" content=\"image\/jpeg\" \/>\n<meta name=\"twitter:card\" content=\"summary_large_image\" \/>\n<meta name=\"twitter:label1\" content=\"Estimation du temps de lecture\" \/>\n\t<meta name=\"twitter:data1\" content=\"3 minutes\" \/>\n<script type=\"application\/ld+json\" class=\"yoast-schema-graph\">{\"@context\":\"https:\/\/schema.org\",\"@graph\":[{\"@type\":\"WebPage\",\"@id\":\"https:\/\/businessagility.education\/blog\/business-agility\/\",\"url\":\"https:\/\/businessagility.education\/blog\/business-agility\/\",\"name\":\"Business Agility: On the Shoulders of Giants and Giantesses - Business Agility+AI\",\"isPartOf\":{\"@id\":\"https:\/\/businessagility.education\/blog\/#website\"},\"primaryImageOfPage\":{\"@id\":\"https:\/\/businessagility.education\/blog\/business-agility\/#primaryimage\"},\"image\":{\"@id\":\"https:\/\/businessagility.education\/blog\/business-agility\/#primaryimage\"},\"thumbnailUrl\":\"https:\/\/businessagility.education\/blog\/wp-content\/uploads\/2022\/08\/business-agility-skill-development.jpg\",\"datePublished\":\"2022-07-11T16:30:08+00:00\",\"dateModified\":\"2022-08-15T18:19:45+00:00\",\"breadcrumb\":{\"@id\":\"https:\/\/businessagility.education\/blog\/business-agility\/#breadcrumb\"},\"inLanguage\":\"fr-CA\",\"potentialAction\":[{\"@type\":\"ReadAction\",\"target\":[\"https:\/\/businessagility.education\/blog\/business-agility\/\"]}]},{\"@type\":\"ImageObject\",\"inLanguage\":\"fr-CA\",\"@id\":\"https:\/\/businessagility.education\/blog\/business-agility\/#primaryimage\",\"url\":\"https:\/\/businessagility.education\/blog\/wp-content\/uploads\/2022\/08\/business-agility-skill-development.jpg\",\"contentUrl\":\"https:\/\/businessagility.education\/blog\/wp-content\/uploads\/2022\/08\/business-agility-skill-development.jpg\",\"width\":1543,\"height\":877,\"caption\":\"business agility skill development\"},{\"@type\":\"BreadcrumbList\",\"@id\":\"https:\/\/businessagility.education\/blog\/business-agility\/#breadcrumb\",\"itemListElement\":[{\"@type\":\"ListItem\",\"position\":1,\"name\":\"Home\",\"item\":\"https:\/\/businessagility.education\/blog\/\"},{\"@type\":\"ListItem\",\"position\":2,\"name\":\"Business Agility: On the Shoulders of Giants and Giantesses\"}]},{\"@type\":\"WebSite\",\"@id\":\"https:\/\/businessagility.education\/blog\/#website\",\"url\":\"https:\/\/businessagility.education\/blog\/\",\"name\":\"Business Agility+AI\",\"description\":\"The Business Agility + Artificial Intelligence Blog\",\"publisher\":{\"@id\":\"https:\/\/businessagility.education\/blog\/#organization\"},\"potentialAction\":[{\"@type\":\"SearchAction\",\"target\":{\"@type\":\"EntryPoint\",\"urlTemplate\":\"https:\/\/businessagility.education\/blog\/?s={search_term_string}\"},\"query-input\":{\"@type\":\"PropertyValueSpecification\",\"valueRequired\":true,\"valueName\":\"search_term_string\"}}],\"inLanguage\":\"fr-CA\"},{\"@type\":\"Organization\",\"@id\":\"https:\/\/businessagility.education\/blog\/#organization\",\"name\":\"Business Agility+AI\",\"url\":\"https:\/\/businessagility.education\/blog\/\",\"logo\":{\"@type\":\"ImageObject\",\"inLanguage\":\"fr-CA\",\"@id\":\"https:\/\/businessagility.education\/blog\/#\/schema\/logo\/image\/\",\"url\":\"https:\/\/businessagility.education\/blog\/wp-content\/uploads\/2022\/06\/business-agility-blog-logo.png\",\"contentUrl\":\"https:\/\/businessagility.education\/blog\/wp-content\/uploads\/2022\/06\/business-agility-blog-logo.png\",\"width\":200,\"height\":100,\"caption\":\"Business Agility+AI\"},\"image\":{\"@id\":\"https:\/\/businessagility.education\/blog\/#\/schema\/logo\/image\/\"}}]}<\/script>\n<!-- \/ Yoast SEO plugin. -->","yoast_head_json":{"title":"Business Agility: On the Shoulders of Giants and Giantesses - Business Agility+AI","robots":{"index":"index","follow":"follow","max-snippet":"max-snippet:-1","max-image-preview":"max-image-preview:large","max-video-preview":"max-video-preview:-1"},"canonical":"https:\/\/businessagility.education\/blog\/fr\/business-agility\/","og_locale":"fr_CA","og_type":"article","og_title":"Business Agility: On the Shoulders of Giants and Giantesses - Business Agility+AI","og_description":"Welcome to the Home of Academics in Business Agility Education and Research! This is my personal Blog, my name is Thomas Hormaza Dow. Although the name of this is the Home of Business Agility Education, I call this open literature review Blog \u201cOn the Shoulders of Giants and Giantesses\u201d as that title came to me [&hellip;]","og_url":"https:\/\/businessagility.education\/blog\/fr\/business-agility\/","og_site_name":"Business Agility+AI","article_modified_time":"2022-08-15T18:19:45+00:00","og_image":[{"width":1543,"height":877,"url":"https:\/\/businessagility.education\/blog\/wp-content\/uploads\/2022\/08\/business-agility-skill-development.jpg","type":"image\/jpeg"}],"twitter_card":"summary_large_image","twitter_misc":{"Estimation du temps de lecture":"3 minutes"},"schema":{"@context":"https:\/\/schema.org","@graph":[{"@type":"WebPage","@id":"https:\/\/businessagility.education\/blog\/business-agility\/","url":"https:\/\/businessagility.education\/blog\/business-agility\/","name":"Business Agility: On the Shoulders of Giants and Giantesses - Business Agility+AI","isPartOf":{"@id":"https:\/\/businessagility.education\/blog\/#website"},"primaryImageOfPage":{"@id":"https:\/\/businessagility.education\/blog\/business-agility\/#primaryimage"},"image":{"@id":"https:\/\/businessagility.education\/blog\/business-agility\/#primaryimage"},"thumbnailUrl":"https:\/\/businessagility.education\/blog\/wp-content\/uploads\/2022\/08\/business-agility-skill-development.jpg","datePublished":"2022-07-11T16:30:08+00:00","dateModified":"2022-08-15T18:19:45+00:00","breadcrumb":{"@id":"https:\/\/businessagility.education\/blog\/business-agility\/#breadcrumb"},"inLanguage":"fr-CA","potentialAction":[{"@type":"ReadAction","target":["https:\/\/businessagility.education\/blog\/business-agility\/"]}]},{"@type":"ImageObject","inLanguage":"fr-CA","@id":"https:\/\/businessagility.education\/blog\/business-agility\/#primaryimage","url":"https:\/\/businessagility.education\/blog\/wp-content\/uploads\/2022\/08\/business-agility-skill-development.jpg","contentUrl":"https:\/\/businessagility.education\/blog\/wp-content\/uploads\/2022\/08\/business-agility-skill-development.jpg","width":1543,"height":877,"caption":"business agility skill development"},{"@type":"BreadcrumbList","@id":"https:\/\/businessagility.education\/blog\/business-agility\/#breadcrumb","itemListElement":[{"@type":"ListItem","position":1,"name":"Home","item":"https:\/\/businessagility.education\/blog\/"},{"@type":"ListItem","position":2,"name":"Business Agility: On the Shoulders of Giants and Giantesses"}]},{"@type":"WebSite","@id":"https:\/\/businessagility.education\/blog\/#website","url":"https:\/\/businessagility.education\/blog\/","name":"Business Agility+AI","description":"The Business Agility + Artificial Intelligence Blog","publisher":{"@id":"https:\/\/businessagility.education\/blog\/#organization"},"potentialAction":[{"@type":"SearchAction","target":{"@type":"EntryPoint","urlTemplate":"https:\/\/businessagility.education\/blog\/?s={search_term_string}"},"query-input":{"@type":"PropertyValueSpecification","valueRequired":true,"valueName":"search_term_string"}}],"inLanguage":"fr-CA"},{"@type":"Organization","@id":"https:\/\/businessagility.education\/blog\/#organization","name":"Business Agility+AI","url":"https:\/\/businessagility.education\/blog\/","logo":{"@type":"ImageObject","inLanguage":"fr-CA","@id":"https:\/\/businessagility.education\/blog\/#\/schema\/logo\/image\/","url":"https:\/\/businessagility.education\/blog\/wp-content\/uploads\/2022\/06\/business-agility-blog-logo.png","contentUrl":"https:\/\/businessagility.education\/blog\/wp-content\/uploads\/2022\/06\/business-agility-blog-logo.png","width":200,"height":100,"caption":"Business Agility+AI"},"image":{"@id":"https:\/\/businessagility.education\/blog\/#\/schema\/logo\/image\/"}}]}},"_links":{"self":[{"href":"http:\/\/businessagility.education\/blog\/fr\/wp-json\/wp\/v2\/pages\/73","targetHints":{"allow":["GET"]}}],"collection":[{"href":"http:\/\/businessagility.education\/blog\/fr\/wp-json\/wp\/v2\/pages"}],"about":[{"href":"http:\/\/businessagility.education\/blog\/fr\/wp-json\/wp\/v2\/types\/page"}],"author":[{"embeddable":true,"href":"http:\/\/businessagility.education\/blog\/fr\/wp-json\/wp\/v2\/users\/1"}],"replies":[{"embeddable":true,"href":"http:\/\/businessagility.education\/blog\/fr\/wp-json\/wp\/v2\/comments?post=73"}],"version-history":[{"count":15,"href":"http:\/\/businessagility.education\/blog\/fr\/wp-json\/wp\/v2\/pages\/73\/revisions"}],"predecessor-version":[{"id":194,"href":"http:\/\/businessagility.education\/blog\/fr\/wp-json\/wp\/v2\/pages\/73\/revisions\/194"}],"wp:featuredmedia":[{"embeddable":true,"href":"http:\/\/businessagility.education\/blog\/fr\/wp-json\/wp\/v2\/media\/97"}],"wp:attachment":[{"href":"http:\/\/businessagility.education\/blog\/fr\/wp-json\/wp\/v2\/media?parent=73"}],"curies":[{"name":"wp","href":"https:\/\/api.w.org\/{rel}","templated":true}]}}